{"id":188,"date":"2022-03-24T19:10:42","date_gmt":"2022-03-24T18:10:42","guid":{"rendered":"https:\/\/bbidistributions.com\/?page_id=188"},"modified":"2022-12-16T17:26:36","modified_gmt":"2022-12-16T16:26:36","slug":"mentions-legales","status":"publish","type":"page","link":"https:\/\/www.bbidistributions.com\/it\/mentions-legales\/","title":{"rendered":"Informazioni legali"},"content":{"rendered":"<div data-elementor-type=\"wp-page\" data-elementor-id=\"188\" class=\"elementor elementor-188\" data-elementor-post-type=\"page\">\n\t\t\t\t\t\t<section class=\"elementor-section elementor-top-section elementor-element elementor-element-ccaeb1d elementor-section-boxed elementor-section-height-default elementor-section-height-default\" data-id=\"ccaeb1d\" data-element_type=\"section\" data-settings=\"{&quot;background_background&quot;:&quot;classic&quot;}\">\n\t\t\t\t\t\t<div class=\"elementor-container elementor-column-gap-wide\">\n\t\t\t\t\t<div class=\"elementor-column elementor-col-100 elementor-top-column elementor-element elementor-element-60096c0\" data-id=\"60096c0\" data-element_type=\"column\">\n\t\t\t<div class=\"elementor-widget-wrap elementor-element-populated\">\n\t\t\t\t\t\t<div class=\"elementor-element elementor-element-b695c56 elementor-widget elementor-widget-heading\" data-id=\"b695c56\" data-element_type=\"widget\" data-widget_type=\"heading.default\">\n\t\t\t\t<div class=\"elementor-widget-container\">\n\t\t\t\t\t<h1 class=\"elementor-heading-title elementor-size-default\">Informazioni legali<\/h1>\t\t\t\t<\/div>\n\t\t\t\t<\/div>\n\t\t\t\t\t<\/div>\n\t\t<\/div>\n\t\t\t\t\t<\/div>\n\t\t<\/section>\n\t\t\t\t<section class=\"elementor-section elementor-top-section elementor-element elementor-element-55e9c50e elementor-section-boxed elementor-section-height-default elementor-section-height-default\" data-id=\"55e9c50e\" data-element_type=\"section\">\n\t\t\t\t\t\t<div class=\"elementor-container elementor-column-gap-wide\">\n\t\t\t\t\t<div class=\"elementor-column elementor-col-100 elementor-top-column elementor-element elementor-element-10914da7\" data-id=\"10914da7\" data-element_type=\"column\">\n\t\t\t<div class=\"elementor-widget-wrap elementor-element-populated\">\n\t\t\t\t\t\t<div class=\"elementor-element elementor-element-4a1137d4 elementor-widget elementor-widget-text-editor\" data-id=\"4a1137d4\" data-element_type=\"widget\" data-widget_type=\"text-editor.default\">\n\t\t\t\t<div class=\"elementor-widget-container\">\n\t\t\t\t\t\t\t\t\t<h3>1. Presentazione del sito<\/h3>\r\nAi sensi dell'articolo 6 della legge n. 2004-575 del 21 giugno 2004 sulla fiducia nell'economia digitale, gli utenti del sito www.bbidistributions.com sono informati dell'identit\u00e0 dei diversi soggetti coinvolti nella sua creazione e nel suo monitoraggio:\r\n\r\nProprietario: BBI Distributions SARL - 44782347700032\r\nCreatore: tekly.fr\r\nResponsabile della pubblicazione: BBI Distributions SARL\r\nIl responsabile della pubblicazione \u00e8 una persona fisica o giuridica.\r\nWebmaster : tekly.fr\r\nHost : o2switch.net, 222 Bd Gustave Flaubert, 63000 Clermont-Ferrand\r\n<h3>2. Termini e condizioni generali di utilizzo del sito e dei servizi offerti<\/h3>\r\nL'utilizzo del sito www.bbidistributions.com implica l'accettazione integrale delle condizioni generali di utilizzo di seguito riportate. Le presenti condizioni d'uso possono essere modificate o integrate in qualsiasi momento, pertanto si consiglia agli utenti del sito www.bbidistributions.com di consultarle regolarmente. Questo sito \u00e8 normalmente accessibile agli utenti in qualsiasi momento. Tuttavia, BBI Distributions SARL pu\u00f2 decidere di interrompere il sito per motivi di manutenzione tecnica; in tal caso, BBI Distributions SARL si adoperer\u00e0 per informare in anticipo gli utenti delle date e degli orari dell'intervento.Il sito www.bbidistributions.com \u00e8 aggiornato regolarmente da Martin P. Allo stesso modo, le note legali possono essere modificate in qualsiasi momento: esse sono comunque vincolanti per l'utente, che \u00e8 invitato a consultarle il pi\u00f9 spesso possibile per rivederle.\r\n<h3>3. Descrizione dei servizi forniti<\/h3>\r\nLo scopo del sito web www.bbidistributions.com \u00e8 quello di fornire informazioni su tutte le attivit\u00e0 dell'azienda.\r\n\r\nBBI Distributions SARL si impegna a fornire sul sito www.bbidistributions.com informazioni il pi\u00f9 possibile accurate. Tuttavia, non pu\u00f2 essere ritenuta responsabile di eventuali omissioni, imprecisioni o mancati aggiornamenti delle informazioni, sia per colpa sua che per colpa di partner terzi che forniscono le informazioni.\r\n\r\nTutte le informazioni fornite sul sito www.bbidistributions.com sono fornite a titolo puramente informativo e sono soggette a modifiche. Inoltre, le informazioni contenute nel sito www.bbidistributions.com non sono esaustive. Esse sono fornite con riserva di modifiche apportate dopo la loro messa in linea.\r\n<h3>4. Limitazioni contrattuali sui dati tecnici<\/h3>\r\nIl sito utilizza la tecnologia JavaScript.\r\n\r\nIl sito non pu\u00f2 essere ritenuto responsabile di eventuali danni materiali legati all'utilizzo del sito. Inoltre, gli utenti del sito si impegnano ad accedervi con apparecchiature recenti e prive di virus e con un browser aggiornato e di ultima generazione.\r\n<h3>5. Propriet\u00e0 intellettuale e contraffazione<\/h3>\r\nBBI Distributions SARL \u00e8 proprietaria dei diritti di propriet\u00e0 intellettuale o detiene i diritti di utilizzo di tutti gli elementi accessibili sul sito, in particolare testi, immagini, grafici, loghi, icone, suoni e software.\r\n\r\n\u00c8 vietata la riproduzione, la rappresentazione, la modifica, la pubblicazione, l'adattamento di tutti o parte degli elementi del sito, qualunque sia il mezzo o il processo utilizzato, salvo previa autorizzazione scritta di : BBI Distributions SARL.\r\n\r\nQualsiasi utilizzo non autorizzato del sito o di uno qualsiasi degli elementi in esso contenuti sar\u00e0 considerato come una violazione e sar\u00e0 perseguito in conformit\u00e0 alle disposizioni degli articoli L.335-2 e seguenti del Codice della Propriet\u00e0 Intellettuale francese.\r\n<h3>6. Limitazione di responsabilit\u00e0<\/h3>\r\nBBI Distributions SARL non potr\u00e0 essere ritenuta responsabile di eventuali danni diretti o indiretti causati alle apparecchiature dell'utente durante l'accesso al sito www.bbidistributions.com, derivanti sia dall'utilizzo di apparecchiature non conformi alle specifiche indicate al punto 4, sia dalla comparsa di un bug o di un'incompatibilit\u00e0.\r\n\r\nBBI Distributions SARL non potr\u00e0 inoltre essere ritenuta responsabile per i danni indiretti (come la perdita di mercato o di opportunit\u00e0) derivanti dall'utilizzo del sito www.bbidistributions.com.\r\n\r\nGli utenti hanno a disposizione aree interattive (possibilit\u00e0 di porre domande nell'area contatti). BBI Distributions SARL si riserva il diritto di eliminare, senza preavviso, qualsiasi contenuto pubblicato in quest'area che violi la legislazione applicabile in Francia, in particolare le disposizioni relative alla protezione dei dati. Se del caso, BBI Distributions SARL si riserva inoltre il diritto di ritenere l'utente responsabile civilmente e\/o penalmente, in particolare in caso di messaggi di natura razzista, ingiuriosa, diffamatoria o pornografica, qualunque sia il mezzo utilizzato (testo, fotografie, ecc.).\r\n<h3>7. Gestione dei dati personali<\/h3>\r\nIn Francia, i dati personali sono protetti dalla legge n. 78-87 del 6 gennaio 1978, dalla legge n. 2004-801 del 6 agosto 2004, dall'articolo L. 226-13 del Codice penale e dalla Direttiva europea del 24 ottobre 1995.\r\n\r\nQuando si utilizza il sito web www.bbidistributions.com, possono essere raccolte le seguenti informazioni: l'URL dei link attraverso i quali l'utente accede al sito web www.bbidistributions.com, il provider di accesso dell'utente, l'indirizzo del protocollo Internet (IP) dell'utente.\r\n\r\nIn ogni caso, BBI Distributions SARL raccoglie informazioni personali relative all'utente solo ai fini di alcuni servizi offerti dal sito www.bbidistributions.com. Gli utenti forniscono queste informazioni con cognizione di causa, in particolare quando le inseriscono loro stessi. Gli utenti del sito www.bbidistributions.com vengono poi informati se sono tenuti o meno a fornire tali informazioni.\r\n\r\nConformemente alle disposizioni degli articoli 38 e seguenti della legge 78-17 del 6 gennaio 1978 sull'informatica, gli archivi e le libert\u00e0 individuali, tutti gli utenti hanno il diritto di accedere, rettificare e opporsi a qualsiasi dato personale che li riguardi, presentando una richiesta scritta e firmata, accompagnata da una copia del documento d'identit\u00e0 recante la firma dell'intestatario del documento, con l'indicazione dell'indirizzo a cui inviare la risposta.\r\n\r\nNessun dato personale dell'utente del sito www.bbidistributions.com viene pubblicato all'insaputa dell'utente, scambiato, trasferito o venduto su qualsiasi supporto a terzi. Solo l'ipotesi di riacquisto di BBI Distributions SARL e dei suoi diritti consentirebbe la trasmissione delle suddette informazioni all'eventuale acquirente che sarebbe a sua volta tenuto allo stesso obbligo di conservazione e modifica dei dati nei confronti dell'utente del sito www.bbidistributions.com.\r\n\r\nIl sito non \u00e8 stato dichiarato alla CNIL in quanto non raccoglie informazioni personali.\r\n\r\nLe banche dati sono protette dalle disposizioni della legge del 1\u00b0 luglio 1998 che recepisce la direttiva 96\/9 dell'11 marzo 1996 sulla tutela giuridica delle banche dati.\r\n<h3>8. Link ipertestuali e cookie<\/h3>\r\nIl sito www.bbidistributions.com contiene una serie di collegamenti ipertestuali ad altri siti, creati con l'autorizzazione di BBI Distributions SARL. Tuttavia, BBI Distributions SARL non \u00e8 in grado di controllare il contenuto dei siti visitati in questo modo e, di conseguenza, non si assume alcuna responsabilit\u00e0 al riguardo.\r\n\r\nLa navigazione sul sito www.bbidistributions.com pu\u00f2 comportare l'installazione di cookie sul computer dell'utente. Un cookie \u00e8 un piccolo file che non consente di identificare l'utente, ma che registra informazioni relative alla navigazione di un computer su un sito. I dati ottenuti in questo modo hanno lo scopo di facilitare la successiva navigazione del sito e vengono utilizzati anche per misurare il numero di visitatori.\r\n\r\nIl rifiuto di installare un cookie pu\u00f2 rendere impossibile l'accesso ad alcuni servizi. Tuttavia, gli utenti possono configurare il proprio computer come segue per rifiutare l'installazione dei cookie:\r\n\r\nIn Internet Explorer: scheda Strumenti (icona a forma di ruota in alto a destra) \/ Opzioni Internet. Cliccare su Riservatezza e scegliere Blocca tutti i cookie. Confermare con Ok.\r\n\r\nFirefox: nella parte superiore della finestra del browser, fare clic sul pulsante Firefox, quindi accedere alla scheda Opzioni. Fare clic sulla scheda Privacy. Impostare le Regole di conservazione su: utilizza impostazioni personalizzate per la cronologia. Infine, deselezionare per disattivare i cookie.\r\n\r\nSu Safari: fare clic sull'icona del menu (simboleggiata da un ingranaggio) nell'angolo superiore destro del browser. Selezionare Impostazioni. Cliccare su Mostra impostazioni avanzate. Nella sezione \"Riservatezza\", cliccare su \"Impostazioni contenuti\". Nella sezione \"Cookie\" \u00e8 possibile bloccare i cookie.\r\n\r\nIn Chrome: fare clic sull'icona del menu (simboleggiata da tre linee orizzontali) nell'angolo superiore destro del browser. Selezionare Impostazioni. Cliccare su Mostra impostazioni avanzate. Nella sezione \"Riservatezza\", cliccare su preferenze. Nella scheda \"Riservatezza\" \u00e8 possibile bloccare i cookie.\r\n<h3>9. Legge applicabile e giurisdizione<\/h3>\r\nQualsiasi controversia relativa all'utilizzo del sito web www.bbidistributions.com \u00e8 soggetta alla legge francese. I tribunali competenti di Parigi hanno giurisdizione esclusiva.\r\n<h3>10. Le principali leggi interessate<\/h3>\r\nLegge n. 78-17 del 6 gennaio 1978, modificata dalla legge n. 2004-801 del 6 agosto 2004 sul trattamento dei dati, sugli archivi e sulle libert\u00e0 individuali.\r\n\r\nLegge n. 2004-575 del 21 giugno 2004 sulla fiducia nell'economia digitale.\r\n<h3>11. Glossario<\/h3>\r\nUtente: utente di Internet che si connette e utilizza il sito di cui sopra.\r\n\r\nDati personali: \"informazioni che consentono, in qualsiasi forma, direttamente o indirettamente, l'identificazione delle persone fisiche cui si riferiscono\" (articolo 4 della legge n. 78-17 del 6 gennaio 1978).\t\t\t\t\t\t\t\t<\/div>\n\t\t\t\t<\/div>\n\t\t\t\t\t<\/div>\n\t\t<\/div>\n\t\t\t\t\t<\/div>\n\t\t<\/section>\n\t\t\t\t<\/div>","protected":false},"excerpt":{"rendered":"<p>Informazioni legali 1. presentazione del sito Ai sensi dell'articolo 6 della legge n. 2004-575 del 21 giugno 2004 sulla fiducia nell'economia digitale, gli utenti del sito www.bbidistributions.com sono informati dell'identit\u00e0 delle diverse parti coinvolte nella sua creazione e nel suo monitoraggio: Proprietario: BBI Distributions SARL - [...]<\/p>","protected":false},"author":1,"featured_media":0,"parent":0,"menu_order":0,"comment_status":"closed","ping_status":"closed","template":"elementor_header_footer","meta":{"footnotes":""},"class_list":["post-188","page","type-page","status-publish","hentry"],"yoast_head":"<!-- This site is optimized with the Yoast SEO plugin v27.5 - https:\/\/yoast.com\/product\/yoast-seo-wordpress\/ -->\n<title>Mentions l\u00e9gales - BBI Distributions<\/title>\n<meta name=\"robots\" content=\"index, follow, max-snippet:-1, max-image-preview:large, max-video-preview:-1\" \/>\n<link rel=\"canonical\" href=\"https:\/\/www.bbidistributions.com\/it\/mentions-legales\/\" \/>\n<meta property=\"og:locale\" content=\"it_IT\" \/>\n<meta property=\"og:type\" content=\"article\" \/>\n<meta property=\"og:title\" content=\"Mentions l\u00e9gales - BBI Distributions\" \/>\n<meta property=\"og:description\" content=\"Mentions l\u00e9gales 1. Pr\u00e9sentation du site En vertu de l&rsquo;article 6 de la loi n\u00b0 2004-575 du 21 juin 2004 pour la confiance dans l&rsquo;\u00e9conomie num\u00e9rique, il est pr\u00e9cis\u00e9 aux utilisateurs du site www.bbidistributions.com l&rsquo;identit\u00e9 des diff\u00e9rents intervenants dans le cadre de sa r\u00e9alisation et de son suivi : Propri\u00e9taire : BBI Distributions SARL \u2013 [&hellip;]\" \/>\n<meta property=\"og:url\" content=\"https:\/\/www.bbidistributions.com\/it\/mentions-legales\/\" \/>\n<meta property=\"og:site_name\" content=\"BBI Distributions\" \/>\n<meta property=\"article:modified_time\" content=\"2022-12-16T16:26:36+00:00\" \/>\n<meta name=\"twitter:card\" content=\"summary_large_image\" \/>\n<meta name=\"twitter:label1\" content=\"Tempo di lettura stimato\" \/>\n\t<meta name=\"twitter:data1\" content=\"8 minuti\" \/>\n<script type=\"application\/ld+json\" class=\"yoast-schema-graph\">{\"@context\":\"https:\\\/\\\/schema.org\",\"@graph\":[{\"@type\":\"WebPage\",\"@id\":\"https:\\\/\\\/www.bbidistributions.com\\\/mentions-legales\\\/\",\"url\":\"https:\\\/\\\/www.bbidistributions.com\\\/mentions-legales\\\/\",\"name\":\"Mentions l\u00e9gales - BBI Distributions\",\"isPartOf\":{\"@id\":\"https:\\\/\\\/www.bbidistributions.com\\\/#website\"},\"datePublished\":\"2022-03-24T18:10:42+00:00\",\"dateModified\":\"2022-12-16T16:26:36+00:00\",\"breadcrumb\":{\"@id\":\"https:\\\/\\\/www.bbidistributions.com\\\/mentions-legales\\\/#breadcrumb\"},\"inLanguage\":\"it-IT\",\"potentialAction\":[{\"@type\":\"ReadAction\",\"target\":[\"https:\\\/\\\/www.bbidistributions.com\\\/mentions-legales\\\/\"]}]},{\"@type\":\"BreadcrumbList\",\"@id\":\"https:\\\/\\\/www.bbidistributions.com\\\/mentions-legales\\\/#breadcrumb\",\"itemListElement\":[{\"@type\":\"ListItem\",\"position\":1,\"name\":\"Accueil\",\"item\":\"https:\\\/\\\/www.bbidistributions.com\\\/\"},{\"@type\":\"ListItem\",\"position\":2,\"name\":\"Mentions l\u00e9gales\"}]},{\"@type\":\"WebSite\",\"@id\":\"https:\\\/\\\/www.bbidistributions.com\\\/#website\",\"url\":\"https:\\\/\\\/www.bbidistributions.com\\\/\",\"name\":\"BBI Distributions\",\"description\":\"\",\"publisher\":{\"@id\":\"https:\\\/\\\/www.bbidistributions.com\\\/#organization\"},\"potentialAction\":[{\"@type\":\"SearchAction\",\"target\":{\"@type\":\"EntryPoint\",\"urlTemplate\":\"https:\\\/\\\/www.bbidistributions.com\\\/?s={search_term_string}\"},\"query-input\":{\"@type\":\"PropertyValueSpecification\",\"valueRequired\":true,\"valueName\":\"search_term_string\"}}],\"inLanguage\":\"it-IT\"},{\"@type\":\"Organization\",\"@id\":\"https:\\\/\\\/www.bbidistributions.com\\\/#organization\",\"name\":\"BBI Distributions\",\"url\":\"https:\\\/\\\/www.bbidistributions.com\\\/\",\"logo\":{\"@type\":\"ImageObject\",\"inLanguage\":\"it-IT\",\"@id\":\"https:\\\/\\\/www.bbidistributions.com\\\/#\\\/schema\\\/logo\\\/image\\\/\",\"url\":\"https:\\/\\/bbidistributions.com\\/wp-content\\/uploads\\/2022\\/03\\/bbidistributions-facebook-thumb.jpg\",\"contentUrl\":\"https:\\/\\/bbidistributions.com\\/wp-content\\/uploads\\/2022\\/03\\/bbidistributions-facebook-thumb.jpg\",\"width\":1200,\"height\":627,\"caption\":\"BBI Distributions\"},\"image\":{\"@id\":\"https:\\\/\\\/www.bbidistributions.com\\\/#\\\/schema\\\/logo\\\/image\\\/\"}}]}<\/script>\n<!-- \/ Yoast SEO plugin. -->","yoast_head_json":{"title":"Mentions l\u00e9gales - BBI Distributions","robots":{"index":"index","follow":"follow","max-snippet":"max-snippet:-1","max-image-preview":"max-image-preview:large","max-video-preview":"max-video-preview:-1"},"canonical":"https:\/\/www.bbidistributions.com\/it\/mentions-legales\/","og_locale":"it_IT","og_type":"article","og_title":"Mentions l\u00e9gales - BBI Distributions","og_description":"Mentions l\u00e9gales 1. Pr\u00e9sentation du site En vertu de l&rsquo;article 6 de la loi n\u00b0 2004-575 du 21 juin 2004 pour la confiance dans l&rsquo;\u00e9conomie num\u00e9rique, il est pr\u00e9cis\u00e9 aux utilisateurs du site www.bbidistributions.com l&rsquo;identit\u00e9 des diff\u00e9rents intervenants dans le cadre de sa r\u00e9alisation et de son suivi : Propri\u00e9taire : BBI Distributions SARL \u2013 [&hellip;]","og_url":"https:\/\/www.bbidistributions.com\/it\/mentions-legales\/","og_site_name":"BBI Distributions","article_modified_time":"2022-12-16T16:26:36+00:00","twitter_card":"summary_large_image","twitter_misc":{"Tempo di lettura stimato":"8 minuti"},"schema":{"@context":"https:\/\/schema.org","@graph":[{"@type":"WebPage","@id":"https:\/\/www.bbidistributions.com\/mentions-legales\/","url":"https:\/\/www.bbidistributions.com\/mentions-legales\/","name":"Mentions l\u00e9gales - BBI Distributions","isPartOf":{"@id":"https:\/\/www.bbidistributions.com\/#website"},"datePublished":"2022-03-24T18:10:42+00:00","dateModified":"2022-12-16T16:26:36+00:00","breadcrumb":{"@id":"https:\/\/www.bbidistributions.com\/mentions-legales\/#breadcrumb"},"inLanguage":"it-IT","potentialAction":[{"@type":"ReadAction","target":["https:\/\/www.bbidistributions.com\/mentions-legales\/"]}]},{"@type":"BreadcrumbList","@id":"https:\/\/www.bbidistributions.com\/mentions-legales\/#breadcrumb","itemListElement":[{"@type":"ListItem","position":1,"name":"Accueil","item":"https:\/\/www.bbidistributions.com\/"},{"@type":"ListItem","position":2,"name":"Mentions l\u00e9gales"}]},{"@type":"WebSite","@id":"https:\/\/www.bbidistributions.com\/#website","url":"https:\/\/www.bbidistributions.com\/","name":"BBI Distributions","description":"","publisher":{"@id":"https:\/\/www.bbidistributions.com\/#organization"},"potentialAction":[{"@type":"SearchAction","target":{"@type":"EntryPoint","urlTemplate":"https:\/\/www.bbidistributions.com\/?s={search_term_string}"},"query-input":{"@type":"PropertyValueSpecification","valueRequired":true,"valueName":"search_term_string"}}],"inLanguage":"it-IT"},{"@type":"Organization","@id":"https:\/\/www.bbidistributions.com\/#organization","name":"BBI Distributions","url":"https:\/\/www.bbidistributions.com\/","logo":{"@type":"ImageObject","inLanguage":"it-IT","@id":"https:\/\/www.bbidistributions.com\/#\/schema\/logo\/image\/","url":"https:\/\/mlkclyg2kwdc.i.optimole.com\/w:auto\/h:auto\/q:mauto\/g:sm\/f:best\/ig:avif\/https:\/\/bbidistributions.com\/wp-content\/uploads\/2022\/03\/bbidistributions-facebook-thumb.jpg","contentUrl":"https:\/\/mlkclyg2kwdc.i.optimole.com\/w:auto\/h:auto\/q:mauto\/g:sm\/f:best\/ig:avif\/https:\/\/bbidistributions.com\/wp-content\/uploads\/2022\/03\/bbidistributions-facebook-thumb.jpg","width":1200,"height":627,"caption":"BBI Distributions"},"image":{"@id":"https:\/\/www.bbidistributions.com\/#\/schema\/logo\/image\/"}}]}},"_links":{"self":[{"href":"https:\/\/www.bbidistributions.com\/it\/wp-json\/wp\/v2\/pages\/188","targetHints":{"allow":["GET"]}}],"collection":[{"href":"https:\/\/www.bbidistributions.com\/it\/wp-json\/wp\/v2\/pages"}],"about":[{"href":"https:\/\/www.bbidistributions.com\/it\/wp-json\/wp\/v2\/types\/page"}],"author":[{"embeddable":true,"href":"https:\/\/www.bbidistributions.com\/it\/wp-json\/wp\/v2\/users\/1"}],"replies":[{"embeddable":true,"href":"https:\/\/www.bbidistributions.com\/it\/wp-json\/wp\/v2\/comments?post=188"}],"version-history":[{"count":0,"href":"https:\/\/www.bbidistributions.com\/it\/wp-json\/wp\/v2\/pages\/188\/revisions"}],"wp:attachment":[{"href":"https:\/\/www.bbidistributions.com\/it\/wp-json\/wp\/v2\/media?parent=188"}],"curies":[{"name":"wp","href":"https:\/\/api.w.org\/{rel}","templated":true}]}}